{"id":987,"date":"2017-03-23T15:12:13","date_gmt":"2017-03-23T14:12:13","guid":{"rendered":"http:\/\/www.airfactor.be\/?page_id=987"},"modified":"2017-03-23T15:12:13","modified_gmt":"2017-03-23T14:12:13","slug":"livre-dor","status":"publish","type":"page","link":"http:\/\/www.airfactor.be\/index.php\/livre-dor\/","title":{"rendered":"Livre d&rsquo;or"},"content":{"rendered":"<div class=\"gwolle-gb\"><div class=\"gwolle-gb-messages-top-container\"><\/div>\n\t\t\t<div class=\"gwolle-gb-write-button\">\n\t\t\t\t<input type=\"button\" name=\"gwolle-gb-write-button\" class=\"button btn btn-default \" value=\"\u00c9crire un nouveau message\" aria-expanded=\"false\" \/>\n\t\t\t<\/div>\n\t\t\t<form action=\"#\" method=\"POST\" class=\"gwolle-gb-write gwolle-gb-hide gwolle-gb-float gwolle-gb-form-ajax gwolle-gb-ajax gwolle-gb-not-logged-in\">\n\t\t\t\t<h3>\u00c9crivez un nouveau message dans le livre d&#39;or<\/h3>\n\t\t\t\t<button type=\"button\" class=\"gb-notice-dismiss\">x<span class=\"screen-reader-text\">Masquer ce formulaire.<\/span><\/button>\n\t\t\t\n\t\t\t\t<input type=\"hidden\" name=\"gwolle_gb_function\" class=\"gwolle_gb_function\" value=\"add_entry\" \/><input type=\"hidden\" name=\"gwolle_gb_book_id\" class=\"gwolle_gb_book_id\" value=\"1\" \/><div class=\"gwolle_gb_aa2637a51b547c4b2606f8182a16cc37\">\n\t\t\t\t<div class=\"label\"><label for=\"gwolle_gb_aa2637a51b547c4b2606f8182a16cc37-1\" class=\"text-info\">Nom <span class=\"required\">*<\/span><\/label><\/div>\n\t\t\t\t<div class=\"input\"><input class=\"wp-exclude-emoji gwolle_gb_aa2637a51b547c4b2606f8182a16cc37\" value=\"\" type=\"text\" id=\"gwolle_gb_aa2637a51b547c4b2606f8182a16cc37-1\" name=\"gwolle_gb_aa2637a51b547c4b2606f8182a16cc37\" required \/><\/div>\n\t\t\t\t<div class=\"clearBoth\">&nbsp;<\/div>\n\t\t\t<\/div><div class=\"gwolle_gb_bba2f8601fcacd9894bdead78820f764\">\n\t\t\t\t\t<div class=\"label\"><label for=\"gwolle_gb_bba2f8601fcacd9894bdead78820f764-1\" class=\"text-info\">Ville<\/label><\/div>\n\t\t\t\t\t<div class=\"input\"><input class=\"wp-exclude-emoji gwolle_gb_bba2f8601fcacd9894bdead78820f764\" value=\"\" type=\"text\" id=\"gwolle_gb_bba2f8601fcacd9894bdead78820f764-1\" name=\"gwolle_gb_bba2f8601fcacd9894bdead78820f764\" \/><\/div>\n\t\t\t\t\t<div class=\"clearBoth\">&nbsp;<\/div>\n\t\t\t\t<\/div><div class=\"gwolle_gb_56a896545f6f85f399b87963590d3835\">\n\t\t\t\t<div class=\"label\"><label for=\"gwolle_gb_56a896545f6f85f399b87963590d3835-1\" class=\"text-info\">E-mail <span class=\"required\">*<\/span><\/label><\/div>\n\t\t\t\t<div class=\"input\"><input class=\"gwolle_gb_56a896545f6f85f399b87963590d3835\" value=\"\" type=\"email\" id=\"gwolle_gb_56a896545f6f85f399b87963590d3835-1\" name=\"gwolle_gb_56a896545f6f85f399b87963590d3835\" required \/><\/div>\n\t\t\t\t<div class=\"clearBoth\">&nbsp;<\/div>\n\t\t\t<\/div><div class=\"gwolle_gb_96d521ca6ed2d92d7f97ae1baa715fd5\">\n\t\t\t\t<div class=\"label\"><label for=\"gwolle_gb_96d521ca6ed2d92d7f97ae1baa715fd5-1\" class=\"text-info\">Site web<\/label><\/div>\n\t\t\t\t<div class=\"input\"><input class=\"gwolle_gb_96d521ca6ed2d92d7f97ae1baa715fd5\" value=\"\" type=\"url\" id=\"gwolle_gb_96d521ca6ed2d92d7f97ae1baa715fd5-1\" name=\"gwolle_gb_96d521ca6ed2d92d7f97ae1baa715fd5\" \/><\/div>\n\t\t\t\t<div class=\"clearBoth\">&nbsp;<\/div>\n\t\t\t<\/div>\n\t\t\t<div class=\"gwolle_gb_9771c1728a199f286626b86b1627aaeb\" style=\"display:none;overflow:hidden;\" hidden=\"true\" aria-hidden=\"true\">\n\t\t\t\t<div class=\"label\">\n\t\t\t\t\t<label for=\"gwolle_gb_9771c1728a199f286626b86b1627aaeb-1\" class=\"text-primary\">Ne touchez pas \u00e0 ceci<\/label>\n\t\t\t\t\t<label for=\"gwolle_gb_f314619944b3f4e204c5d1bda8695253-1\" class=\"text-primary\">Ne touchez pas \u00e0 ceci<\/label>\n\t\t\t\t<\/div>\n\t\t\t\t<div class=\"input\">\n\t\t\t\t\t<input value=\"77\" type=\"text\" id=\"gwolle_gb_9771c1728a199f286626b86b1627aaeb-1\" name=\"gwolle_gb_9771c1728a199f286626b86b1627aaeb\" class=\"gwolle_gb_9771c1728a199f286626b86b1627aaeb\" style=\"transform: translateY(10000px);\" \/>\n\t\t\t\t\t<input value=\"\" type=\"text\" name=\"gwolle_gb_f314619944b3f4e204c5d1bda8695253\" id=\"gwolle_gb_f314619944b3f4e204c5d1bda8695253-1\" class=\"gwolle_gb_f314619944b3f4e204c5d1bda8695253\" style=\"transform: translateY(10000px);\" \/>\n\t\t\t\t<\/div>\n\t\t\t\t<div class=\"clearBoth\"><\/div>\n\t\t\t<\/div>\n\t\t\t<div class=\"gwolle_gb_b29debcf0e56d9d2f5f1221d087e5112\" style=\"display:none;overflow:hidden;\" hidden=\"true\" aria-hidden=\"true\">\n\t\t\t\t<div class=\"label\">\n\t\t\t\t\t<label for=\"gwolle_gb_b29debcf0e56d9d2f5f1221d087e5112-1\" class=\"text-primary\">Ne touchez pas \u00e0 ceci<\/label>\n\t\t\t\t\t<label for=\"gwolle_gb_5c375f8e8ec14f93d04e7d4fe8a19cbd-1\" class=\"text-primary\">Ne touchez pas \u00e0 ceci<\/label>\n\t\t\t\t<\/div>\n\t\t\t\t<div class=\"input\">\n\t\t\t\t\t<input value=\"77490\" type=\"text\" id=\"gwolle_gb_b29debcf0e56d9d2f5f1221d087e5112-1\" name=\"gwolle_gb_b29debcf0e56d9d2f5f1221d087e5112\" class=\"gwolle_gb_b29debcf0e56d9d2f5f1221d087e5112\" style=\"transform: translateY(10000px);\" \/>\n\t\t\t\t\t<input value=\"77490\" type=\"text\"id=\"gwolle_gb_5c375f8e8ec14f93d04e7d4fe8a19cbd-1\" name=\"gwolle_gb_5c375f8e8ec14f93d04e7d4fe8a19cbd\" class=\"gwolle_gb_5c375f8e8ec14f93d04e7d4fe8a19cbd\" style=\"transform: translateY(10000px);\" \/>\n\t\t\t\t<\/div>\n\t\t\t\t<div class=\"clearBoth\"><\/div>\n\t\t\t<\/div><div class=\"gwolle_gb_content\">\n\t\t\t\t<div class=\"label\"><label for=\"gwolle_gb_content-1\" class=\"text-info\">Message du livre d\u2019or <span class=\"required\">*<\/span><\/label><\/div>\n\t\t\t\t<div class=\"input\"><textarea id=\"gwolle_gb_content-1\" name=\"gwolle_gb_content\" class=\"gwolle_gb_content wp-exclude-emoji\" required ><\/textarea><\/div>\n\t\t\t\t\t<div class=\"clearBoth\">&nbsp;<\/div>\n\t\t\t\t<\/div><input type=\"hidden\" class=\"gwolle_gb_b6934459e9c951f5be5fc9a61bbc322f\" id=\"gwolle_gb_b6934459e9c951f5be5fc9a61bbc322f-1\" name=\"gwolle_gb_b6934459e9c951f5be5fc9a61bbc322f\" value=\"6945ff1017\" \/>\n\t\t\t<div class=\"gwolle-gb-messages-bottom-container\"><\/div>\n\n\t\t\t<noscript><div class=\"no-js\">Avertissement\u00a0: Ce formulaire ne peut \u00eatre utilis\u00e9 que si JavaScript est activ\u00e9 dans votre navigateur.<\/div><\/noscript>\n\n\t\t\t<div class=\"gwolle_gb_submit gwolle-gb-submit\">\n\t\t\t\t<div class=\"label gwolle-gb-invisible text-muted\">&nbsp;<\/div>\n\t\t\t\t<div class=\"input\">\n\t\t\t\t\t<input type=\"submit\" name=\"gwolle_gb_submit\" class=\"gwolle_gb_submit button btn btn-primary \" value=\"Envoyer\" \/>\n\t\t\t\t\t<span class=\"gwolle_gb_submit_ajax_icon gwolle-gb-submit-ajax-icon\"><\/span>\n\t\t\t\n\t\t\t\t<\/div>\n\t\t\t\t<div class=\"clearBoth\">&nbsp;<\/div>\n\t\t\t<\/div>\n\n\t\t\t<div class=\"gwolle_gb_notice gwolle-gb-notice\">\n\t\t\t\tLes champs marqu\u00e9s avec un * sont obligatoires.<br \/>\r\nVotre adresse e-mail ne sera pas publi\u00e9e.<br \/>\r\nPour des raisons de s\u00e9curit\u00e9, nous sauvegardons votre adresse IP 216.73.217.89.<br \/>\r\nIl se pourrait que votre message n\u2019apparaisse dans le livre d&#039;or qu\u2019apr\u00e8s que nous l\u2019ayons v\u00e9rifi\u00e9.<br \/>\r\nNous nous r\u00e9servons le droit de modifier, de supprimer, ou de ne pas publier les messages.\n\t\t\t<\/div><\/form><div class=\"gwolle-gb-read gwolle-gb-ajax gwolle-gb-entries-list\" data-book_id=\"1\" data-page_id=\"1\">\n\t\t<div id=\"gwolle-gb-total\" class=\"gwolle-gb-total\">3 messages.<\/div><!-- Gwolle-GB Entry: Default Template Loaded -->\n\t\t\t\t<div class=\"gb-entry gb-entry_55 gb-entry-count_1 gwolle-gb-uneven gwolle-gb-first\" id=\"gb-entry_55\" data-entry_id=\"55\">\n\t\t\t\t<article>\n\t\t\t\t\t<div class=\"gb-author-info\">\n\t\t\t\t\t\t<span class=\"gb-author-avatar\"><img referrerpolicy=\"no-referrer\" alt='cinoglu' src='http:\/\/0.gravatar.com\/avatar\/f4c59587f169d8bcfdee7bc4f1207b78?s=32&#038;d=mm&#038;r=g' srcset='http:\/\/0.gravatar.com\/avatar\/f4c59587f169d8bcfdee7bc4f1207b78?s=64&#038;d=mm&#038;r=g 2x' class='avatar avatar-32 photo' height='32' width='32' \/><\/span>\n\t\t\t\t\t\t<span class=\"gb-author-name\">cinoglu\n\t\t\t\t\t\t<\/span>\n\t\t\t\t\t\t<span class=\"gb-author-origin\">\n\t\t\t\t\t\t\t<span class=\"gb-author-origin-from-text\"> de<\/span>\n\t\t\t\t\t\t\t<span class=\"gb-author-origin-text\"> grimbergen<\/span>\n\t\t\t\t\t\t<\/span>\n\t\t\t\t\t\t<span class=\"gb-datetime\">\n\t\t\t\t\t\t\t<span class=\"gb-date\"><span class=\"gb-date-wrote-text\"> a \u00e9crit le<\/span><span class=\"gb-date-text\"> 31 mars 2019<\/span>\n\t\t\t\t\t\t\t<\/span><span class=\"gb-time\">\n\t\t\t\t\t\t\t\t\t<span class=\"gb-time-at-text\"> \u00e0<\/span>\n\t\t\t\t\t\t\t\t\t<span class=\"gb-time-text\"> 18 h 10 min<\/span>\n\t\t\t\t\t\t\t\t<\/span>\n\t\t\t\t\t\t<\/span> \n\t\t\t\t\t<\/div>\n\t\t\t\t\t<div class=\"gb-entry-content\">je vous recommandes a tous AIR FACTOR .\nJ&#039;ai lou\u00e9 une structure gonflable  pour l&#039;anniversaire de mon fils . Marc est tr\u00e8s a l&#039;\u00e9coute tr\u00e8s  sympathique je suis ravis et je reviendrais vers eux pour la prochaine fois .\nmerci gr\u00e2ce a vous mon fils a pass\u00e9 une journ\u00e9e inoubliable.\n\t\t\t\t\t<\/div>\n\t\t\t\t<\/article>\n\t\t\t<\/div>\n\t\t\t<div class=\"gb-entry gb-entry_2 gb-entry-count_2 gwolle-gb-even\" id=\"gb-entry_2\" data-entry_id=\"2\">\n\t\t\t\t<article>\n\t\t\t\t\t<div class=\"gb-author-info\">\n\t\t\t\t\t\t<span class=\"gb-author-avatar\"><img referrerpolicy=\"no-referrer\" alt='M\u00e9lissa' src='http:\/\/1.gravatar.com\/avatar\/ab591b2ae8c018c2aca98c8b47568cca?s=32&#038;d=mm&#038;r=g' srcset='http:\/\/1.gravatar.com\/avatar\/ab591b2ae8c018c2aca98c8b47568cca?s=64&#038;d=mm&#038;r=g 2x' class='avatar avatar-32 photo' height='32' width='32' \/><\/span>\n\t\t\t\t\t\t<span class=\"gb-author-name\">M\u00e9lissa\n\t\t\t\t\t\t<\/span>\n\t\t\t\t\t\t<span class=\"gb-author-origin\">\n\t\t\t\t\t\t\t<span class=\"gb-author-origin-from-text\"> de<\/span>\n\t\t\t\t\t\t\t<span class=\"gb-author-origin-text\"> Sint-Pieters-Leeuw<\/span>\n\t\t\t\t\t\t<\/span>\n\t\t\t\t\t\t<span class=\"gb-datetime\">\n\t\t\t\t\t\t\t<span class=\"gb-date\"><span class=\"gb-date-wrote-text\"> a \u00e9crit le<\/span><span class=\"gb-date-text\"> 20 mai 2017<\/span>\n\t\t\t\t\t\t\t<\/span><span class=\"gb-time\">\n\t\t\t\t\t\t\t\t\t<span class=\"gb-time-at-text\"> \u00e0<\/span>\n\t\t\t\t\t\t\t\t\t<span class=\"gb-time-text\"> 11 h 35 min<\/span>\n\t\t\t\t\t\t\t\t<\/span>\n\t\t\t\t\t\t<\/span> \n\t\t\t\t\t<\/div>\n\t\t\t\t\t<div class=\"gb-entry-content\">Je suis vraiment contente d&#039;avoir fait appel \u00e0 Air Factor pour l&#039;anniversaire de mon fils. Le chateau a \u00e9t\u00e9 install\u00e9 \u00e0 temps pour faire la surprise aux petits invit\u00e9s, ils \u00e9taient enchant\u00e9s! Je le recommande vivement! Ponctualit\u00e9, professionalisme, de bonne qualit\u00e9 et patron tr\u00e9s sympathique, n&#039;h\u00e9sitez pas! &#x1f60a;\n\t\t\t\t\t<\/div>\n\t\t\t\t<\/article>\n\t\t\t<\/div>\n\t\t\t<div class=\"gb-entry gb-entry_1 gb-entry-count_3 gwolle-gb-uneven\" id=\"gb-entry_1\" data-entry_id=\"1\">\n\t\t\t\t<article>\n\t\t\t\t\t<div class=\"gb-author-info\">\n\t\t\t\t\t\t<span class=\"gb-author-avatar\"><img referrerpolicy=\"no-referrer\" alt='Elodie' src='http:\/\/2.gravatar.com\/avatar\/80b7039cb9d5668ab61f748d49e24215?s=32&#038;d=mm&#038;r=g' srcset='http:\/\/2.gravatar.com\/avatar\/80b7039cb9d5668ab61f748d49e24215?s=64&#038;d=mm&#038;r=g 2x' class='avatar avatar-32 photo' height='32' width='32' \/><\/span>\n\t\t\t\t\t\t<span class=\"gb-author-name\"><i class=\"gb-moderator\">Elodie<\/i>\n\t\t\t\t\t\t<\/span>\n\t\t\t\t\t\t<span class=\"gb-author-origin\">\n\t\t\t\t\t\t\t<span class=\"gb-author-origin-from-text\"> de<\/span>\n\t\t\t\t\t\t\t<span class=\"gb-author-origin-text\"> Ternat<\/span>\n\t\t\t\t\t\t<\/span>\n\t\t\t\t\t\t<span class=\"gb-datetime\">\n\t\t\t\t\t\t\t<span class=\"gb-date\"><span class=\"gb-date-wrote-text\"> a \u00e9crit le<\/span><span class=\"gb-date-text\"> 24 mars 2017<\/span>\n\t\t\t\t\t\t\t<\/span><span class=\"gb-time\">\n\t\t\t\t\t\t\t\t\t<span class=\"gb-time-at-text\"> \u00e0<\/span>\n\t\t\t\t\t\t\t\t\t<span class=\"gb-time-text\"> 13 h 56 min<\/span>\n\t\t\t\t\t\t\t\t<\/span>\n\t\t\t\t\t\t<\/span> \n\t\t\t\t\t<\/div>\n\t\t\t\t\t<div class=\"gb-entry-content\">Encore un grand merci \u00e0 Marc et son \u00e9quipe! Tout \u00e9tait parfait. Les enfants ont pass\u00e9 de merveilleux moments gr\u00e2ce \u00e0 vous. A tr\u00e8s bient\u00f4t... \ud83d\ude09\n\t\t\t\t\t<\/div>\n\t\t\t\t<\/article>\n\t\t\t<\/div>\n\t\t\t<\/div><\/div>\n","protected":false},"excerpt":{"rendered":"","protected":false},"author":1,"featured_media":0,"parent":0,"menu_order":0,"comment_status":"closed","ping_status":"closed","template":"","meta":{"footnotes":""},"_links":{"self":[{"href":"http:\/\/www.airfactor.be\/index.php\/wp-json\/wp\/v2\/pages\/987"}],"collection":[{"href":"http:\/\/www.airfactor.be\/index.php\/wp-json\/wp\/v2\/pages"}],"about":[{"href":"http:\/\/www.airfactor.be\/index.php\/wp-json\/wp\/v2\/types\/page"}],"author":[{"embeddable":true,"href":"http:\/\/www.airfactor.be\/index.php\/wp-json\/wp\/v2\/users\/1"}],"replies":[{"embeddable":true,"href":"http:\/\/www.airfactor.be\/index.php\/wp-json\/wp\/v2\/comments?post=987"}],"version-history":[{"count":1,"href":"http:\/\/www.airfactor.be\/index.php\/wp-json\/wp\/v2\/pages\/987\/revisions"}],"predecessor-version":[{"id":988,"href":"http:\/\/www.airfactor.be\/index.php\/wp-json\/wp\/v2\/pages\/987\/revisions\/988"}],"wp:attachment":[{"href":"http:\/\/www.airfactor.be\/index.php\/wp-json\/wp\/v2\/media?parent=987"}],"curies":[{"name":"wp","href":"https:\/\/api.w.org\/{rel}","templated":true}]}}