{"id":769,"date":"2017-01-16T00:01:16","date_gmt":"2017-01-15T23:01:16","guid":{"rendered":"http:\/\/www.airfactor.be\/?page_id=769"},"modified":"2017-11-16T19:48:53","modified_gmt":"2017-11-16T18:48:53","slug":"hifi","status":"publish","type":"page","link":"http:\/\/www.airfactor.be\/index.php\/hifi\/","title":{"rendered":"Sono\/\u00e9clairage\/fumig\u00e8ne"},"content":{"rendered":"\n<table id=\"tablepress-8\" class=\"tablepress tablepress-id-8\">\n<thead>\n<tr class=\"row-1 odd\">\n\t<th class=\"column-1\">Mat\u00e9riel<\/th><th class=\"column-2\">              Description<\/th><th class=\"column-3\">    Prix\/jour en semaine *1<\/th><th class=\"column-4\">    Prix\/jour le week-end<\/th><th class=\"column-5\">     Prix week-end complet<\/th>\n<\/tr>\n<\/thead>\n<tbody class=\"row-hover\">\n<tr class=\"row-2 even\">\n\t<td class=\"column-1\">Ibiza Sound 700w<a href=\"http:\/\/www.airfactor.be\/wp-content\/uploads\/2017\/01\/ibiza.jpg\"><img loading=\"lazy\" decoding=\"async\" src=\"http:\/\/www.airfactor.be\/wp-content\/uploads\/2017\/01\/ibiza.jpg\" alt=\"\" width=\"136\" height=\"270\" class=\"size-full wp-image-779\" \/><\/a><\/td><td class=\"column-2\">Speaker Bluetooth ou Usb. Fonctionne sur batterie int\u00e9gr\u00e9e ou secteur. Lou\u00e9 avec 2 micros wireless<\/td><td class=\"column-3\">                     30\u20ac<\/td><td class=\"column-4\">                    35\u20ac<\/td><td class=\"column-5\">                     50\u20ac<\/td>\n<\/tr>\n<tr class=\"row-3 odd\">\n\t<td class=\"column-1\"><\/td><td class=\"column-2\"><\/td><td class=\"column-3\"><\/td><td class=\"column-4\"><\/td><td class=\"column-5\"><\/td>\n<\/tr>\n<tr class=\"row-4 even\">\n\t<td class=\"column-1\">Eclairage Led 2x20W<a href=\"http:\/\/www.airfactor.be\/wp-content\/uploads\/2017\/11\/airfactor-led-\u00e9clairage-2-spots-1.jpg\"><img loading=\"lazy\" decoding=\"async\" src=\"http:\/\/www.airfactor.be\/wp-content\/uploads\/2017\/11\/airfactor-led-\u00e9clairage-2-spots-1.jpg\" alt=\"\" width=\"136\" height=\"270\" class=\"aligncenter size-full wp-image-1131\" \/><\/a><\/td><td class=\"column-2\">Deux puissants spots Led sur tr\u00e9pied. Id\u00e9al pour que les enfants puissent profiter du gonflable pendant les belles soir\u00e9es d'\u00e9t\u00e9!<\/td><td class=\"column-3\">                      5\u20ac<\/td><td class=\"column-4\">                     6\u20ac<\/td><td class=\"column-5\">                     10\u20ac<\/td>\n<\/tr>\n<tr class=\"row-5 odd\">\n\t<td class=\"column-1\"><\/td><td class=\"column-2\"><\/td><td class=\"column-3\"><\/td><td class=\"column-4\"><\/td><td class=\"column-5\"><\/td>\n<\/tr>\n<tr class=\"row-6 even\">\n\t<td class=\"column-1\">Fumig\u00e8ne \u00e0 fum\u00e9e basse<a href=\"http:\/\/www.airfactor.be\/wp-content\/uploads\/2017\/11\/airfactor-fumig\u00e8ne-mister-kool-II.jpg\"><img loading=\"lazy\" decoding=\"async\" src=\"http:\/\/www.airfactor.be\/wp-content\/uploads\/2017\/11\/airfactor-fumig\u00e8ne-mister-kool-II.jpg\" alt=\"\" width=\"136\" height=\"270\" class=\"aligncenter size-full wp-image-1106\" \/><\/a><\/td><td class=\"column-2\">Magnifique fumig\u00e8ne. Tr\u00e8s puissant. Id\u00e9al pour recouvrir vos sols d'une lourde fum\u00e9e opaque... Effet garanti!<\/td><td class=\"column-3\">                     39\u20ac<\/td><td class=\"column-4\">                    49\u20ac<\/td><td class=\"column-5\">                     60\u20ac<\/td>\n<\/tr>\n<tr class=\"row-7 odd\">\n\t<td class=\"column-1\"><\/td><td class=\"column-2\"><\/td><td class=\"column-3\"><\/td><td class=\"column-4\"><\/td><td class=\"column-5\"><\/td>\n<\/tr>\n<tr class=\"row-8 even\">\n\t<td class=\"column-1\">Liquide fumig\u00e8ne \/litre<a href=\"http:\/\/www.airfactor.be\/wp-content\/uploads\/2017\/11\/airfactor-liquide-fum\u00e9e.jpg\"><img loading=\"lazy\" decoding=\"async\" src=\"http:\/\/www.airfactor.be\/wp-content\/uploads\/2017\/11\/airfactor-liquide-fum\u00e9e.jpg\" alt=\"\" width=\"136\" height=\"270\" class=\"aligncenter size-full wp-image-1129\" \/><\/a><\/td><td class=\"column-2\">Liquide haute densit\u00e9 pour une fum\u00e9e opaque et homog\u00e8ne<\/td><td class=\"column-3\">                      20\u20ac<\/td><td class=\"column-4\">                    20\u20ac<\/td><td class=\"column-5\"><\/td>\n<\/tr>\n<\/tbody>\n<\/table>\n<!-- #tablepress-8 from cache -->\n","protected":false},"excerpt":{"rendered":"","protected":false},"author":1,"featured_media":0,"parent":0,"menu_order":0,"comment_status":"closed","ping_status":"closed","template":"","meta":{"footnotes":""},"_links":{"self":[{"href":"http:\/\/www.airfactor.be\/index.php\/wp-json\/wp\/v2\/pages\/769"}],"collection":[{"href":"http:\/\/www.airfactor.be\/index.php\/wp-json\/wp\/v2\/pages"}],"about":[{"href":"http:\/\/www.airfactor.be\/index.php\/wp-json\/wp\/v2\/types\/page"}],"author":[{"embeddable":true,"href":"http:\/\/www.airfactor.be\/index.php\/wp-json\/wp\/v2\/users\/1"}],"replies":[{"embeddable":true,"href":"http:\/\/www.airfactor.be\/index.php\/wp-json\/wp\/v2\/comments?post=769"}],"version-history":[{"count":7,"href":"http:\/\/www.airfactor.be\/index.php\/wp-json\/wp\/v2\/pages\/769\/revisions"}],"predecessor-version":[{"id":1125,"href":"http:\/\/www.airfactor.be\/index.php\/wp-json\/wp\/v2\/pages\/769\/revisions\/1125"}],"wp:attachment":[{"href":"http:\/\/www.airfactor.be\/index.php\/wp-json\/wp\/v2\/media?parent=769"}],"curies":[{"name":"wp","href":"https:\/\/api.w.org\/{rel}","templated":true}]}}