{"id":763,"date":"2017-01-16T00:00:48","date_gmt":"2017-01-15T23:00:48","guid":{"rendered":"http:\/\/www.airfactor.be\/?page_id=763"},"modified":"2019-02-18T12:09:11","modified_gmt":"2019-02-18T11:09:11","slug":"machines-horeca","status":"publish","type":"page","link":"http:\/\/www.airfactor.be\/index.php\/machines-horeca\/","title":{"rendered":"Machines Horeca"},"content":{"rendered":"\n<table id=\"tablepress-15\" class=\"tablepress tablepress-id-15\">\n<tbody class=\"row-hover\">\n<tr class=\"row-1 odd\">\n\t<td class=\"column-1\">DESCRIPTION<\/td><td class=\"column-2\">PRIX \/ JOUR<\/td><td class=\"column-3\">PRIX \/ WEEKEND<\/td>\n<\/tr>\n<tr class=\"row-2 even\">\n\t<td class=\"column-1\"><\/td><td class=\"column-2\"><\/td><td class=\"column-3\"><\/td>\n<\/tr>\n<tr class=\"row-3 odd\">\n\t<td class=\"column-1\">Machine \u00e0 Barbe \u00e0 Papa (mod\u00e8le familial <100 unit\u00e9s)<a href=\"http:\/\/www.airfactor.be\/wp-content\/uploads\/2017\/11\/airfactor-barbe-fam.jpg\"><img loading=\"lazy\" decoding=\"async\" src=\"http:\/\/www.airfactor.be\/wp-content\/uploads\/2017\/11\/airfactor-barbe-fam-1024x683.jpg\" alt=\"\" width=\"150\" height=\"150\" class=\"aligncenter size-large wp-image-1155\" \/><\/a><\/td><td class=\"column-2\">40<\/td><td class=\"column-3\">60<\/td>\n<\/tr>\n<tr class=\"row-4 even\">\n\t<td class=\"column-1\">Machine \u00e0 Barbe \u00e0 Papa (mod\u00e8le semi-pro <400 unit\u00e9s)<a href=\"http:\/\/www.airfactor.be\/wp-content\/uploads\/2018\/04\/FLOSS-BOSS.jpg\"><img loading=\"lazy\" decoding=\"async\" src=\"http:\/\/www.airfactor.be\/wp-content\/uploads\/2018\/04\/FLOSS-BOSS.jpg\" alt=\"\" width=\"150\" height=\"150\" class=\"aligncenter size-full wp-image-1197\" srcset=\"http:\/\/www.airfactor.be\/wp-content\/uploads\/2018\/04\/FLOSS-BOSS.jpg 450w, http:\/\/www.airfactor.be\/wp-content\/uploads\/2018\/04\/FLOSS-BOSS-150x150.jpg 150w, http:\/\/www.airfactor.be\/wp-content\/uploads\/2018\/04\/FLOSS-BOSS-300x300.jpg 300w\" sizes=\"(max-width: 150px) 100vw, 150px\" \/><\/a><\/td><td class=\"column-2\">69<\/td><td class=\"column-3\">103.5<\/td>\n<\/tr>\n<tr class=\"row-5 odd\">\n\t<td class=\"column-1\">Machine \u00e0 Barbe \u00e0 Papa (mod\u00e8le pro >400 unit\u00e9s)<a href=\"http:\/\/www.airfactor.be\/wp-content\/uploads\/2017\/11\/airfactor-barbe-pro.jpg\"><img loading=\"lazy\" decoding=\"async\" src=\"http:\/\/www.airfactor.be\/wp-content\/uploads\/2017\/11\/airfactor-barbe-pro.jpg\" alt=\"\" width=\"150\" height=\"150\" class=\"aligncenter size-full wp-image-1143\" \/><\/a><\/td><td class=\"column-2\">79<\/td><td class=\"column-3\">118.5<\/td>\n<\/tr>\n<tr class=\"row-6 even\">\n\t<td class=\"column-1\">Sucre blanc en seau de 2,5Kg + 110 b\u00e2tons<\/td><td class=\"column-2\">12<\/td><td class=\"column-3\"><\/td>\n<\/tr>\n<tr class=\"row-7 odd\">\n\t<td class=\"column-1\">Sucre color\u00e9 en seau de 2,5Kg + 110 b\u00e2tons<\/td><td class=\"column-2\">17<\/td><td class=\"column-3\"><\/td>\n<\/tr>\n<tr class=\"row-8 even\">\n\t<td class=\"column-1\"><\/td><td class=\"column-2\"><\/td><td class=\"column-3\"><\/td>\n<\/tr>\n<tr class=\"row-9 odd\">\n\t<td class=\"column-1\">Machine \u00e0 Pop-corn<a href=\"http:\/\/www.airfactor.be\/wp-content\/uploads\/2017\/01\/DSC01430.jpg\"><img loading=\"lazy\" decoding=\"async\" src=\"http:\/\/www.airfactor.be\/wp-content\/uploads\/2017\/01\/DSC01430-1024x683.jpg\" alt=\"\" width=\"150\" height=\"150\" class=\"aligncenter size-large wp-image-731\" \/><\/a><\/td><td class=\"column-2\">69<\/td><td class=\"column-3\">103.5<\/td>\n<\/tr>\n<tr class=\"row-10 even\">\n\t<td class=\"column-1\">Sceau de 2,5kg de mais<\/td><td class=\"column-2\">8<\/td><td class=\"column-3\"><\/td>\n<\/tr>\n<tr class=\"row-11 odd\">\n\t<td class=\"column-1\">Huile de Tournesol 1L VDM<\/td><td class=\"column-2\">6<\/td><td class=\"column-3\"><\/td>\n<\/tr>\n<tr class=\"row-12 even\">\n\t<td class=\"column-1\">Sucre cristal K2 2Kg<\/td><td class=\"column-2\">3<\/td><td class=\"column-3\"><\/td>\n<\/tr>\n<tr class=\"row-13 odd\">\n\t<td class=\"column-1\"><\/td><td class=\"column-2\"><\/td><td class=\"column-3\"><\/td>\n<\/tr>\n<tr class=\"row-14 even\">\n\t<td class=\"column-1\">Cr\u00eapi\u00e8re 40cm (pro)<a href=\"http:\/\/www.airfactor.be\/wp-content\/uploads\/2017\/01\/DSC01448.jpg\"><img loading=\"lazy\" decoding=\"async\" src=\"http:\/\/www.airfactor.be\/wp-content\/uploads\/2017\/01\/DSC01448-1024x576.jpg\" alt=\"\" width=\"150\" height=\"150\" class=\"aligncenter size-large wp-image-733\" \/><\/a><\/td><td class=\"column-2\">40<\/td><td class=\"column-3\">58.5<\/td>\n<\/tr>\n<tr class=\"row-15 odd\">\n\t<td class=\"column-1\">Spatule en T \u00e0 cr\u00eapes, en bois pour cr\u00eapes<\/td><td class=\"column-2\">2<\/td><td class=\"column-3\"><\/td>\n<\/tr>\n<tr class=\"row-16 even\">\n\t<td class=\"column-1\"><\/td><td class=\"column-2\"><\/td><td class=\"column-3\"><\/td>\n<\/tr>\n<tr class=\"row-17 odd\">\n\t<td class=\"column-1\">Gaufrier LI\u00c8GE \u00e9lectrique (pro)  480cmx320cmx226cm 1500W<a href=\"http:\/\/www.airfactor.be\/wp-content\/uploads\/2018\/04\/AIRFACTOR-GAUFRIER-1500w-hendi.jpg\"><img loading=\"lazy\" decoding=\"async\" src=\"http:\/\/www.airfactor.be\/wp-content\/uploads\/2018\/04\/AIRFACTOR-GAUFRIER-1500w-hendi.jpg\" alt=\"\" width=\"150\" height=\"150\" class=\"aligncenter size-full wp-image-1203\" srcset=\"http:\/\/www.airfactor.be\/wp-content\/uploads\/2018\/04\/AIRFACTOR-GAUFRIER-1500w-hendi.jpg 458w, http:\/\/www.airfactor.be\/wp-content\/uploads\/2018\/04\/AIRFACTOR-GAUFRIER-1500w-hendi-150x150.jpg 150w, http:\/\/www.airfactor.be\/wp-content\/uploads\/2018\/04\/AIRFACTOR-GAUFRIER-1500w-hendi-300x300.jpg 300w\" sizes=\"(max-width: 150px) 100vw, 150px\" \/><\/a><\/td><td class=\"column-2\">49<\/td><td class=\"column-3\">60<\/td>\n<\/tr>\n<tr class=\"row-18 even\">\n\t<td class=\"column-1\">P\u00e2tons vanille 120pcs 130Gr Belgaufra<\/td><td class=\"column-2\">69 (0,57\u20ac\/pc)<\/td><td class=\"column-3\"><\/td>\n<\/tr>\n<tr class=\"row-19 odd\">\n\t<td class=\"column-1\"><\/td><td class=\"column-2\"><\/td><td class=\"column-3\"><\/td>\n<\/tr>\n<tr class=\"row-20 even\">\n\t<td class=\"column-1\">Plaque cuisson\/hamburger au gaz (pro) 64cmX36cm<a href=\"http:\/\/www.airfactor.be\/wp-content\/uploads\/2018\/04\/Plaque_hamburger_4d2f8f20a1402.jpg\"><img loading=\"lazy\" decoding=\"async\" src=\"http:\/\/www.airfactor.be\/wp-content\/uploads\/2018\/04\/Plaque_hamburger_4d2f8f20a1402.jpg\" alt=\"\" width=\"150\" height=\"150\" class=\"aligncenter size-full wp-image-1198\" \/><\/a><\/td><td class=\"column-2\">49<\/td><td class=\"column-3\">73.5<\/td>\n<\/tr>\n<tr class=\"row-21 odd\">\n\t<td class=\"column-1\">HAMBURGER B\u0152UF 12X100GR VIANDE FRA\u00ceCHE<\/td><td class=\"column-2\">5,59 (0,465\u20ac\/pc)<\/td><td class=\"column-3\"><\/td>\n<\/tr>\n<tr class=\"row-22 even\">\n\t<td class=\"column-1\">HAMBURGER B\u0152UF 40X 90GR<\/td><td class=\"column-2\">13,052 (0,326\u20ac\/pc)<\/td><td class=\"column-3\"><\/td>\n<\/tr>\n<tr class=\"row-23 odd\">\n\t<td class=\"column-1\">HAMBURGER B\u0152UF 30X 100GR<\/td><td class=\"column-2\">12,11 (0,403\u20ac\/pc)<\/td><td class=\"column-3\"><\/td>\n<\/tr>\n<tr class=\"row-24 even\">\n\t<td class=\"column-1\">HAMBURGER B\u0152UF 60X 100GR HALAL<\/td><td class=\"column-2\">57,189 (0,953\u20ac\/pc)<\/td><td class=\"column-3\"><\/td>\n<\/tr>\n<tr class=\"row-25 odd\">\n\t<td class=\"column-1\">HAMBURGER POULET 24X 85GR<\/td><td class=\"column-2\">13,052 (0,543\u20ac\/pc)<\/td><td class=\"column-3\"><\/td>\n<\/tr>\n<tr class=\"row-26 even\">\n\t<td class=\"column-1\">OIGNONS COUPES 2,5KG ARDO<\/td><td class=\"column-2\">4.09<\/td><td class=\"column-3\"><\/td>\n<\/tr>\n<tr class=\"row-27 odd\">\n\t<td class=\"column-1\">SACHET HAMBURGER 16X16CM 100 PCs TEXTE HAMBURGER<\/td><td class=\"column-2\">1,482 (0,0148\u20ac\/pc)<\/td><td class=\"column-3\"><\/td>\n<\/tr>\n<tr class=\"row-28 even\">\n\t<td class=\"column-1\"><\/td><td class=\"column-2\"><\/td><td class=\"column-3\"><\/td>\n<\/tr>\n<tr class=\"row-29 odd\">\n\t<td class=\"column-1\">Machine \u00e0 HOT DOG \u00e9lectrique 220V (pro) 32cmx25cmx14.5cm<a href=\"http:\/\/www.airfactor.be\/wp-content\/uploads\/2018\/04\/AIRFACTOR-HOTDOG.jpg\"><img loading=\"lazy\" decoding=\"async\" src=\"http:\/\/www.airfactor.be\/wp-content\/uploads\/2018\/04\/AIRFACTOR-HOTDOG.jpg\" alt=\"\" width=\"150\" height=\"150\" class=\"aligncenter size-full wp-image-1204\" \/><\/a><\/td><td class=\"column-2\">49<\/td><td class=\"column-3\">73.5<\/td>\n<\/tr>\n<tr class=\"row-30 even\">\n\t<td class=\"column-1\">AMERICAN HOT DOGS 15X 80 GR 1,2 KG CT<\/td><td class=\"column-2\">8,74 (0,582\u20ac\/pc)<\/td><td class=\"column-3\"><\/td>\n<\/tr>\n<tr class=\"row-31 odd\">\n\t<td class=\"column-1\">MAXI HOT DOGS 35 X 80 GR 2,8 KG CT<\/td><td class=\"column-2\">19,02 (0,543\u20ac\/pc)<\/td><td class=\"column-3\"><\/td>\n<\/tr>\n<tr class=\"row-32 even\">\n\t<td class=\"column-1\">CHOUCROUTE AU VIN BLANC 810 GR OVI<\/td><td class=\"column-2\">2.14<\/td><td class=\"column-3\"><\/td>\n<\/tr>\n<tr class=\"row-33 odd\">\n\t<td class=\"column-1\">CHOUCROUTE BOITE 1\/1 800 GR RHEINLAND<\/td><td class=\"column-2\">1.59<\/td><td class=\"column-3\"><\/td>\n<\/tr>\n<tr class=\"row-34 even\">\n\t<td class=\"column-1\">CHOUCROUTE SEAU FRAIS 10KG RHEINLAND<\/td><td class=\"column-2\">12.6<\/td><td class=\"column-3\"><\/td>\n<\/tr>\n<tr class=\"row-35 odd\">\n\t<td class=\"column-1\">PAIN SANDW. HOT DOG +\/- 16 CM 30X 70G<\/td><td class=\"column-2\">12,01 (0,40\u20ac\/pc)<\/td><td class=\"column-3\"><\/td>\n<\/tr>\n<tr class=\"row-36 even\">\n\t<td class=\"column-1\"><\/td><td class=\"column-2\"><\/td><td class=\"column-3\"><\/td>\n<\/tr>\n<tr class=\"row-37 odd\">\n\t<td class=\"column-1\">Friteuse \u00e9lectrique 8L 230V 3000W (pro)<a href=\"http:\/\/www.airfactor.be\/wp-content\/uploads\/2018\/04\/AIRFACTOR-hendi-friteuse-mastercook-8-liter-35kw-455x300xh34.jpg\"><img loading=\"lazy\" decoding=\"async\" src=\"http:\/\/www.airfactor.be\/wp-content\/uploads\/2018\/04\/AIRFACTOR-hendi-friteuse-mastercook-8-liter-35kw-455x300xh34.jpg\" alt=\"\" width=\"150\" height=\"150\" class=\"aligncenter size-full wp-image-1205\" \/><\/a><\/td><td class=\"column-2\">35<\/td><td class=\"column-3\">52,5<\/td>\n<\/tr>\n<tr class=\"row-38 even\">\n\t<td class=\"column-1\">Kit de 2 friteuses 8L 230V 3000W<\/td><td class=\"column-2\">60<\/td><td class=\"column-3\">90<\/td>\n<\/tr>\n<tr class=\"row-39 odd\">\n\t<td class=\"column-1\">Barquettes de frites 90\/F7 250pc<\/td><td class=\"column-2\">7,09 (0,028\u20ac\/pc)<\/td><td class=\"column-3\"><\/td>\n<\/tr>\n<tr class=\"row-40 even\">\n\t<td class=\"column-1\">Fourchettes frites en plastique 1000pc<\/td><td class=\"column-2\">5 (0,005\u20ac\/pc)<\/td><td class=\"column-3\"><\/td>\n<\/tr>\n<tr class=\"row-41 odd\">\n\t<td class=\"column-1\">\u00c9gouttoir \u00e0 frite INOX diam\u00e8tre 39cm h:17cm<a href=\"http:\/\/www.airfactor.be\/wp-content\/uploads\/2018\/04\/AIRFACTOR-EGOUTTOIR-FRITE.jpg\"><img loading=\"lazy\" decoding=\"async\" src=\"http:\/\/www.airfactor.be\/wp-content\/uploads\/2018\/04\/AIRFACTOR-EGOUTTOIR-FRITE.jpg\" alt=\"\" width=\"150\" height=\"150\" class=\"aligncenter size-full wp-image-1202\" \/><\/a><\/td><td class=\"column-2\">5<\/td><td class=\"column-3\">7,5<\/td>\n<\/tr>\n<tr class=\"row-42 even\">\n\t<td class=\"column-1\">Sali\u00e8re \u00e0 frites INOX diam\u00e8tre 6cm h:10cm<a href=\"http:\/\/www.airfactor.be\/wp-content\/uploads\/2018\/04\/AIRFACTOR-SALIERE.jpg\"><img loading=\"lazy\" decoding=\"async\" src=\"http:\/\/www.airfactor.be\/wp-content\/uploads\/2018\/04\/AIRFACTOR-SALIERE.jpg\" alt=\"\" width=\"150\" height=\"150\" class=\"aligncenter size-full wp-image-1201\" \/><\/a><\/td><td class=\"column-2\">1<\/td><td class=\"column-3\">1,5<\/td>\n<\/tr>\n<tr class=\"row-43 odd\">\n\t<td class=\"column-1\">HUILE DE FRITURE RISSO CHEF 10 L.<\/td><td class=\"column-2\">26,63<\/td><td class=\"column-3\"><\/td>\n<\/tr>\n<tr class=\"row-44 even\">\n\t<td class=\"column-1\">FRITES BELGES HOME STYLE 2X5 KG FRAIS FF<\/td><td class=\"column-2\">15,54<\/td><td class=\"column-3\"><\/td>\n<\/tr>\n<tr class=\"row-45 odd\">\n\t<td class=\"column-1\"><\/td><td class=\"column-2\"><\/td><td class=\"column-3\"><\/td>\n<\/tr>\n<tr class=\"row-46 even\">\n\t<td class=\"column-1\"><\/td><td class=\"column-2\"><\/td><td class=\"column-3\"><\/td>\n<\/tr>\n<tr class=\"row-47 odd\">\n\t<td class=\"column-1\">Coupe Martini H: 70cm diam\u00e8tre 35cm<a href=\"http:\/\/www.airfactor.be\/wp-content\/uploads\/2018\/04\/AIRFACTOR-COUPE-MARTINI-1.jpg\"><img loading=\"lazy\" decoding=\"async\" src=\"http:\/\/www.airfactor.be\/wp-content\/uploads\/2018\/04\/AIRFACTOR-COUPE-MARTINI-1-150x150.jpg\" alt=\"\" width=\"150\" height=\"150\" class=\"alignleft size-thumbnail wp-image-1200\" srcset=\"http:\/\/www.airfactor.be\/wp-content\/uploads\/2018\/04\/AIRFACTOR-COUPE-MARTINI-1-150x150.jpg 150w, http:\/\/www.airfactor.be\/wp-content\/uploads\/2018\/04\/AIRFACTOR-COUPE-MARTINI-1-300x300.jpg 300w, http:\/\/www.airfactor.be\/wp-content\/uploads\/2018\/04\/AIRFACTOR-COUPE-MARTINI-1.jpg 600w\" sizes=\"(max-width: 150px) 100vw, 150px\" \/><\/a><\/td><td class=\"column-2\">15<\/td><td class=\"column-3\">22,5<\/td>\n<\/tr>\n<tr class=\"row-48 even\">\n\t<td class=\"column-1\"><\/td><td class=\"column-2\"><\/td><td class=\"column-3\"><\/td>\n<\/tr>\n<tr class=\"row-49 odd\">\n\t<td class=\"column-1\">Rallonge \u00e9lectrique section 2,5 25m<\/td><td class=\"column-2\">8<\/td><td class=\"column-3\">12<\/td>\n<\/tr>\n<tr class=\"row-50 even\">\n\t<td class=\"column-1\">Rallonge \u00e9lectrique section 2,5 40m<\/td><td class=\"column-2\">6<\/td><td class=\"column-3\">9<\/td>\n<\/tr>\n<tr class=\"row-51 odd\">\n\t<td class=\"column-1\"><\/td><td class=\"column-2\"><\/td><td class=\"column-3\"><\/td>\n<\/tr>\n<tr class=\"row-52 even\">\n\t<td class=\"column-1\">* Nos prix s\u2019entendent Htva, hors transport et installation<\/td><td class=\"column-2\"><\/td><td class=\"column-3\"><\/td>\n<\/tr>\n<\/tbody>\n<\/table>\n<!-- #tablepress-15 from cache -->\n","protected":false},"excerpt":{"rendered":"","protected":false},"author":1,"featured_media":0,"parent":0,"menu_order":0,"comment_status":"closed","ping_status":"closed","template":"","meta":{"footnotes":""},"_links":{"self":[{"href":"http:\/\/www.airfactor.be\/index.php\/wp-json\/wp\/v2\/pages\/763"}],"collection":[{"href":"http:\/\/www.airfactor.be\/index.php\/wp-json\/wp\/v2\/pages"}],"about":[{"href":"http:\/\/www.airfactor.be\/index.php\/wp-json\/wp\/v2\/types\/page"}],"author":[{"embeddable":true,"href":"http:\/\/www.airfactor.be\/index.php\/wp-json\/wp\/v2\/users\/1"}],"replies":[{"embeddable":true,"href":"http:\/\/www.airfactor.be\/index.php\/wp-json\/wp\/v2\/comments?post=763"}],"version-history":[{"count":14,"href":"http:\/\/www.airfactor.be\/index.php\/wp-json\/wp\/v2\/pages\/763\/revisions"}],"predecessor-version":[{"id":1294,"href":"http:\/\/www.airfactor.be\/index.php\/wp-json\/wp\/v2\/pages\/763\/revisions\/1294"}],"wp:attachment":[{"href":"http:\/\/www.airfactor.be\/index.php\/wp-json\/wp\/v2\/media?parent=763"}],"curies":[{"name":"wp","href":"https:\/\/api.w.org\/{rel}","templated":true}]}}