{"id":678,"date":"2017-01-15T21:02:04","date_gmt":"2017-01-15T20:02:04","guid":{"rendered":"http:\/\/www.airfactor.be\/?page_id=678"},"modified":"2017-03-31T14:03:58","modified_gmt":"2017-03-31T13:03:58","slug":"a-propos-dair-factor","status":"publish","type":"page","link":"http:\/\/www.airfactor.be\/","title":{"rendered":"Accueil"},"content":{"rendered":"<p>Qui a-t-il de plus beau que de voir nos enfants s\u2019amuser, courir et rigoler\u00a0?<\/p>\n<p>C\u2019est sur cette r\u00e9flexion, qu\u2019il y a quelques ann\u00e9es, est n\u00e9 Air Factor.<\/p>\n<p>\u00ab\u00a0Entreprise\u00a0\u00bb avant tout familiale, chacun de nos \u00e9v\u00e8nements est trait\u00e9 de mani\u00e8re unique et personnelle. Chez Air Factor, nous accordons un soin tout particulier \u00e0 faire en sorte que l\u2019\u00e9v\u00e8nement dont vous r\u00eaviez devienne r\u00e9alit\u00e9.<\/p>\n<p>Nous avons d\u00e9but\u00e9 et nous sommes sp\u00e9cialis\u00e9s dans l\u2019\u00e9v\u00e8nementiel priv\u00e9 mais proposons, \u00e9galement, notre exp\u00e9rience aux services publics, aux ASBL souhaitant r\u00e9unir leurs membres ou aux soci\u00e9t\u00e9s d\u00e9sireuses de r\u00e9unir leur personnel et leurs familles.<\/p>\n<p>Que ce soit un anniversaire, un bapt\u00eame, une communion, un mariage, une incentive ou tout simplement une envie de se r\u00e9unir entre amis, vous pourrez toujours compter sur nous.<\/p>\n<p>Pour cela, nous vous proposons une large gamme de ch\u00e2teaux gonflables mais aussi des jeux d\u2019ext\u00e9rieurs, du mobilier, des machines horeca et encore bien d\u2019autres choses. Nous nous mettons m\u00eame \u00e0 votre disposition si n\u00e9cessaire.<\/p>\n<p>Depuis peu, nous proposons, \u00e9galement, des ateliers de langue espagnole, de cuisine mais aussi des cours de rem\u00e9diation scolaire de niveau primaire. Ces cours sont dispens\u00e9s par une institutrice de plus de 15 ans d\u2019exp\u00e9rience dans cette tranche d\u2019\u00e2ge.<\/p>\n<p>Nous accordons une grande importance \u00e0 la s\u00e9curit\u00e9 de nos petits et nous attirons bien votre attention que tous nos produits sont certifi\u00e9s et conformes \u00e0 la l\u00e9gislation europ\u00e9enne.<\/p>\n<p>A tr\u00e8s bient\u00f4t,<\/p>\n<p>&nbsp;<\/p>\n<p>L\u2019\u00e9quipe d\u2019Air Factor<\/p>\n<p>Fabricant de bons moments\u2026<\/p>\n","protected":false},"excerpt":{"rendered":"<p>Qui a-t-il de plus beau que de voir nos enfants s\u2019amuser, courir et rigoler\u00a0? C\u2019est sur cette r\u00e9flexion, qu\u2019il y a quelques ann\u00e9es, est n\u00e9 Air Factor. \u00ab\u00a0Entreprise\u00a0\u00bb avant tout familiale, chacun de nos \u00e9v\u00e8nements est trait\u00e9 de mani\u00e8re unique et personnelle. Chez Air Factor, nous accordons un soin tout particulier \u00e0 faire en sorte &hellip; <a href=\"http:\/\/www.airfactor.be\/\" class=\"more-link\">Continuer la lecture de <span class=\"screen-reader-text\">Accueil<\/span> <span class=\"meta-nav\">&rarr;<\/span><\/a><\/p>\n","protected":false},"author":1,"featured_media":0,"parent":0,"menu_order":0,"comment_status":"closed","ping_status":"closed","template":"","meta":{"footnotes":""},"_links":{"self":[{"href":"http:\/\/www.airfactor.be\/index.php\/wp-json\/wp\/v2\/pages\/678"}],"collection":[{"href":"http:\/\/www.airfactor.be\/index.php\/wp-json\/wp\/v2\/pages"}],"about":[{"href":"http:\/\/www.airfactor.be\/index.php\/wp-json\/wp\/v2\/types\/page"}],"author":[{"embeddable":true,"href":"http:\/\/www.airfactor.be\/index.php\/wp-json\/wp\/v2\/users\/1"}],"replies":[{"embeddable":true,"href":"http:\/\/www.airfactor.be\/index.php\/wp-json\/wp\/v2\/comments?post=678"}],"version-history":[{"count":8,"href":"http:\/\/www.airfactor.be\/index.php\/wp-json\/wp\/v2\/pages\/678\/revisions"}],"predecessor-version":[{"id":1006,"href":"http:\/\/www.airfactor.be\/index.php\/wp-json\/wp\/v2\/pages\/678\/revisions\/1006"}],"wp:attachment":[{"href":"http:\/\/www.airfactor.be\/index.php\/wp-json\/wp\/v2\/media?parent=678"}],"curies":[{"name":"wp","href":"https:\/\/api.w.org\/{rel}","templated":true}]}}